{"id":1197,"date":"2022-04-29T19:35:16","date_gmt":"2022-04-29T19:35:16","guid":{"rendered":"https:\/\/platformspaans.nl\/?page_id=1197"},"modified":"2025-01-29T10:48:09","modified_gmt":"2025-01-29T10:48:09","slug":"sala-de-profesores","status":"publish","type":"page","link":"https:\/\/platformspaans.nl\/?page_id=1197","title":{"rendered":"Sala de profesores"},"content":{"rendered":"\n<p>Op deze pagina kunnen docenten van het Spaans in Nederland terecht voor bronnen die ze kunnen gebruiken in hun Spaanse lessen:<\/p>\n\n\n\n<p><strong>Instituto Cervantes<\/strong><\/p>\n\n\n\n<p>Het Instituto Cervantes beschikt over een online bibliotheek, waar boeken kunnen worden gedownload. Deze bibliotheek vind je <a href=\"https:\/\/www.cervantes.es\/bibliotecas_documentacion_espanol\/biblioteca_electronica\/informacion_general.\" target=\"_blank\" rel=\"noreferrer noopener\">hier<\/a>.<\/p>\n\n\n\n<p><strong>Consejer\u00eda de Educaci\u00f3n<\/strong><\/p>\n\n\n\n<ul class=\"wp-block-list\">\n<li>Online bibliotheek: <a href=\"https:\/\/eleo.mecd.gob.es.\" target=\"_blank\" rel=\"noreferrer noopener\">ELEO<\/a>.<\/li>\n\n\n\n<li>Filmplatform met films in het Spaans, informatiebladen en didactische gidsen: <a href=\"https:\/\/www.platinoeduca.com\/VEOENESPANOL\" target=\"_blank\" rel=\"noreferrer noopener\">VEO EN ESPA\u00d1OL<\/a>.<\/li>\n\n\n\n<li>Een aantal van de door de Consejer\u00eda de Educaci\u00f3n georganiseerde opleidingsworkshops voor docenten Spaans zijn beschikbaar op hun <a href=\"https:\/\/www.youtube.com\/playlist?list=PL0pV51SFl143tLi8rYZra8zZFuVEkCNLg\" target=\"_blank\" rel=\"noreferrer noopener\">YouTube-kanaal<\/a>.<\/li>\n<\/ul>\n\n\n\n<p><strong>Verdere informatie<\/strong><\/p>\n\n\n\n<ul class=\"wp-block-list\">\n<li><a href=\"https:\/\/www.teatroteca.com\/\" target=\"_blank\" rel=\"noreferrer noopener\">TEATROTECA<\/a> is het platform van het Ministerie van Cultuur om naar Spaanstalige toneelstukken te kijken. <\/li>\n\n\n\n<li>Wetenschappelijke bronnen over het onderwijs van Spaans, met onder andere artikelen, recensies en interviews: <a href=\"https:\/\/www.educacionyfp.gob.es\/mc\/redele\/portada.html\" target=\"_blank\" rel=\"noreferrer noopener\">REDELE<\/a>.<\/li>\n\n\n\n<li><a href=\"https:\/\/marcoele.com\/\" target=\"_blank\" rel=\"noreferrer noopener\">MarcoELE <\/a>is een elektronisch tijdschrift dat gericht is op het onderwijs van Spaans als vreemde taal. Het biedt het publiek Spaanse grammatica uitleg voor niveau A en niveau B, geschreven door onderzoekers en gratis te downloaden in PDF-formaat of online te raadplegen. Het publicatieteam van MarcoELE bestaat uit professionals van offici\u00eble talenscholen, het Instituto Cervantes en universiteiten in verschillende landen.<\/li>\n\n\n\n<li>Radio Televisi\u00f3n Espa\u00f1ola (<a href=\"https:\/\/www.rtve.es\/\" target=\"_blank\" rel=\"noreferrer noopener\">RTVE<\/a>) biedt programma&#8217;s en nieuws in het Spaans, maar ook live radio, live televisie, of herhalingen van Spaanse programma&#8217;s, en vormt zo een opmerkelijke bron van audiovisueel materiaal dat in het Spaans ondertiteld is.<\/li>\n\n\n\n<li>De Federaci\u00f3n de Asociaciones de Escuelas de Espa\u00f1ol en Espa\u00f1a (<a href=\"https:\/\/fedele.org\/material-descargable\/\" target=\"_blank\" rel=\"noreferrer noopener\">FEDELE<\/a>) stelt materiaal beschikbaar om te downloaden voor studenten en docenten Spaans. Bordspellen, flashcards, Spaanse steden, kalenders, of literatuur voor alle niveaus, in een open en gemakkelijk te downloaden formaat.<\/li>\n\n\n\n<li><a href=\"https:\/\/profesorescreativos.es\/recursos-de-ele\/\" target=\"_blank\" rel=\"noreferrer noopener\">CREA<\/a> is een Spaans lerarenopleidingsproject, met links naar diverse bronnen zoals spelletjes, micro-verhalen, of cursussen voor leraren.<\/li>\n\n\n\n<li><a href=\"https:\/\/www.ngenespanol.com\/\" target=\"_blank\" rel=\"noreferrer noopener\">National Geographic<\/a> heeft een website in het Spaans met artikelen, video&#8217;s en andere documenten van verschillende lengtes die kunnen worden gebruikt om Spaans te leren.<\/li>\n\n\n\n<li><a href=\"https:\/\/www.videoele.com\/\" target=\"_blank\" rel=\"noreferrer noopener\">V\u00eddeoELE<\/a> is een internetportaal dat video&#8217;s aanbiedt om Spaans te leren, gerangschikt naar niveau van A1 tot B2. Het is volledig gratis. Ook heeft het een &#8220;lerarengedeelte&#8221; met didactische handleidingen, oplossingen, activiteiten en spelletjes.<\/li>\n\n\n\n<li><a href=\"http:\/\/www.todoele.net\/\" target=\"_blank\" rel=\"noreferrer noopener\">TODOELE.NET<\/a> is een digitale ruimte gemaakt door en voor leraren Spaans als vreemde taal, met materialen, informatie en bronnen voor het onderwijzen van Spaans. Het bevat allerlei materiaal, links naar andere documenten en video&#8217;s en andere websites.<\/li>\n<\/ul>\n\n\n\n<p><\/p>\n","protected":false},"excerpt":{"rendered":"<p>Op deze pagina kunnen docenten van het Spaans in Nederland terecht voor bronnen die ze kunnen gebruiken in hun Spaanse lessen: Instituto Cervantes Het Instituto Cervantes beschikt over een online bibliotheek, waar boeken kunnen worden gedownload. Deze bibliotheek vind je hier. Consejer\u00eda de Educaci\u00f3n Verdere informatie<\/p>\n","protected":false},"author":2,"featured_media":0,"parent":0,"menu_order":0,"comment_status":"closed","ping_status":"closed","template":"","meta":{"footnotes":""},"class_list":["post-1197","page","type-page","status-publish","hentry"],"jetpack_sharing_enabled":true,"publishpress_future_action":{"enabled":false,"date":"2026-05-05 06:00:32","action":"change-status","newStatus":"draft","terms":[],"taxonomy":"","extraData":[]},"publishpress_future_workflow_manual_trigger":{"enabledWorkflows":[]},"post_mailing_queue_ids":[],"_links":{"self":[{"href":"https:\/\/platformspaans.nl\/index.php?rest_route=\/wp\/v2\/pages\/1197","targetHints":{"allow":["GET"]}}],"collection":[{"href":"https:\/\/platformspaans.nl\/index.php?rest_route=\/wp\/v2\/pages"}],"about":[{"href":"https:\/\/platformspaans.nl\/index.php?rest_route=\/wp\/v2\/types\/page"}],"author":[{"embeddable":true,"href":"https:\/\/platformspaans.nl\/index.php?rest_route=\/wp\/v2\/users\/2"}],"replies":[{"embeddable":true,"href":"https:\/\/platformspaans.nl\/index.php?rest_route=%2Fwp%2Fv2%2Fcomments&post=1197"}],"version-history":[{"count":6,"href":"https:\/\/platformspaans.nl\/index.php?rest_route=\/wp\/v2\/pages\/1197\/revisions"}],"predecessor-version":[{"id":2329,"href":"https:\/\/platformspaans.nl\/index.php?rest_route=\/wp\/v2\/pages\/1197\/revisions\/2329"}],"wp:attachment":[{"href":"https:\/\/platformspaans.nl\/index.php?rest_route=%2Fwp%2Fv2%2Fmedia&parent=1197"}],"curies":[{"name":"wp","href":"https:\/\/api.w.org\/{rel}","templated":true}]}}