{"id":163,"date":"2021-07-06T13:46:20","date_gmt":"2021-07-06T13:46:20","guid":{"rendered":"https:\/\/platformspaanstest.wordpress.com\/?page_id=163"},"modified":"2022-07-04T12:27:58","modified_gmt":"2022-07-04T12:27:58","slug":"partners","status":"publish","type":"page","link":"https:\/\/platformspaans.nl\/?page_id=163","title":{"rendered":"Partners"},"content":{"rendered":"\n<p>Nederland kent een veelvoud aan publieke (en private) organisaties die zich bezighouden met het Spaans en de Spaanstalige wereld. Op Platform Spaans is een aantal van deze organisaties weergegeven voor een ieder die zich verder wil onderdompelen in de Spaanstalige wereld binnen Nederland. Zo kun je terecht op bij de volgende organisaties en verenigingen:<\/p>\n\n\n\n<ul class=\"wp-block-list\"><li><a href=\"https:\/\/platformspaans.nl\/?page_id=169\" data-type=\"URL\" data-id=\"https:\/\/platformspaans.nl\/?page_id=169\">Asociaciones de hispanistas<\/a><\/li><li><a href=\"https:\/\/platformspaans.nl\/?page_id=164\" data-type=\"URL\" data-id=\"https:\/\/platformspaans.nl\/?page_id=164\">Ambassades en consulaten<\/a><\/li><li><a href=\"https:\/\/platformspaans.nl\/?page_id=165\" data-type=\"URL\" data-id=\"https:\/\/platformspaans.nl\/?page_id=165\">Instituto Cervantes<\/a><\/li><li><a href=\"https:\/\/platformspaans.nl\/?page_id=1215\" data-type=\"URL\" data-id=\"https:\/\/platformspaans.nl\/?page_id=1215\">Consejer\u00eda de Educaci\u00f3n<\/a><\/li><li><a href=\"https:\/\/platformspaans.nl\/?page_id=547\" data-type=\"URL\" data-id=\"https:\/\/platformspaans.nl\/?page_id=547\">Cient\u00edficos Espa\u00f1oles en los Pa\u00edses Bajos<\/a><\/li><li><a href=\"https:\/\/platformspaans.nl\/?page_id=170\" data-type=\"URL\" data-id=\"https:\/\/platformspaans.nl\/?page_id=170\">Studieverenigingen<\/a><\/li><\/ul>\n","protected":false},"excerpt":{"rendered":"<p>Nederland kent een veelvoud aan publieke (en private) organisaties die zich bezighouden met het Spaans en de Spaanstalige wereld. Op Platform Spaans is een aantal van deze organisaties weergegeven voor een ieder die zich verder wil onderdompelen in de Spaanstalige wereld binnen Nederland. Zo kun je terecht op bij de volgende organisaties en verenigingen: Asociaciones [&hellip;]<\/p>\n","protected":false},"author":2,"featured_media":0,"parent":0,"menu_order":0,"comment_status":"closed","ping_status":"closed","template":"","meta":{"footnotes":""},"class_list":["post-163","page","type-page","status-publish","hentry"],"jetpack_sharing_enabled":true,"publishpress_future_action":{"enabled":false,"date":"2026-05-05 07:31:10","action":"change-status","newStatus":"draft","terms":[],"taxonomy":"","extraData":[]},"publishpress_future_workflow_manual_trigger":{"enabledWorkflows":[]},"post_mailing_queue_ids":[],"_links":{"self":[{"href":"https:\/\/platformspaans.nl\/index.php?rest_route=\/wp\/v2\/pages\/163","targetHints":{"allow":["GET"]}}],"collection":[{"href":"https:\/\/platformspaans.nl\/index.php?rest_route=\/wp\/v2\/pages"}],"about":[{"href":"https:\/\/platformspaans.nl\/index.php?rest_route=\/wp\/v2\/types\/page"}],"author":[{"embeddable":true,"href":"https:\/\/platformspaans.nl\/index.php?rest_route=\/wp\/v2\/users\/2"}],"replies":[{"embeddable":true,"href":"https:\/\/platformspaans.nl\/index.php?rest_route=%2Fwp%2Fv2%2Fcomments&post=163"}],"version-history":[{"count":4,"href":"https:\/\/platformspaans.nl\/index.php?rest_route=\/wp\/v2\/pages\/163\/revisions"}],"predecessor-version":[{"id":1387,"href":"https:\/\/platformspaans.nl\/index.php?rest_route=\/wp\/v2\/pages\/163\/revisions\/1387"}],"wp:attachment":[{"href":"https:\/\/platformspaans.nl\/index.php?rest_route=%2Fwp%2Fv2%2Fmedia&parent=163"}],"curies":[{"name":"wp","href":"https:\/\/api.w.org\/{rel}","templated":true}]}}