{"id":169,"date":"2021-07-06T13:46:23","date_gmt":"2021-07-06T13:46:23","guid":{"rendered":"https:\/\/platformspaanstest.wordpress.com\/?page_id=169"},"modified":"2022-06-09T19:05:31","modified_gmt":"2022-06-09T19:05:31","slug":"asociaciones-de-hispanistas","status":"publish","type":"page","link":"https:\/\/platformspaans.nl\/?page_id=169","title":{"rendered":"Verenigingen van Hispanisten"},"content":{"rendered":"<style>.wp-block-kadence-advancedheading.kt-adv-heading_b8e961-b3, .wp-block-kadence-advancedheading.kt-adv-heading_b8e961-b3[data-kb-block=\"kb-adv-heading_b8e961-b3\"]{font-style:normal;}.wp-block-kadence-advancedheading.kt-adv-heading_b8e961-b3 mark.kt-highlight, .wp-block-kadence-advancedheading.kt-adv-heading_b8e961-b3[data-kb-block=\"kb-adv-heading_b8e961-b3\"] mark.kt-highlight{font-style:normal;color:#f76a0c;-webkit-box-decoration-break:clone;box-decoration-break:clone;padding-top:0px;padding-right:0px;padding-bottom:0px;padding-left:0px;}.wp-block-kadence-advancedheading.kt-adv-heading_b8e961-b3 img.kb-inline-image, .wp-block-kadence-advancedheading.kt-adv-heading_b8e961-b3[data-kb-block=\"kb-adv-heading_b8e961-b3\"] img.kb-inline-image{width:150px;vertical-align:baseline;}<\/style>\n<p class=\"kt-adv-heading_b8e961-b3 wp-block-kadence-advancedheading\" data-kb-block=\"kb-adv-heading_b8e961-b3\"><strong>De Spaanse taal is niet alleen geliefd onder scholieren en studenten, maar zeker ook onder volwassenen. Uit interesse in de taal en de Spaanse en Latijns-Amerikaanse cultuur hebben verschillende groepen van <em>aficionados<\/em> verenigingen voor hispanisten opgericht. Deze verenigingen zijn door heel Nederland te vinden. Zij zijn veelal ondergebracht in de koepelorganisatie <a href=\"http:\/\/www.la-union.net\" data-type=\"URL\" data-id=\"www.la-union.net\" target=\"_blank\" rel=\"noreferrer noopener\">Uni\u00f3n de Asociaciones Ib\u00e9ricas e Iberoamericanas del BeNeLux<\/a>.<\/strong> <\/p>\n\n\n<style>.wp-block-kadence-advancedheading.kt-adv-heading_916538-07, .wp-block-kadence-advancedheading.kt-adv-heading_916538-07[data-kb-block=\"kb-adv-heading_916538-07\"]{font-style:normal;}.wp-block-kadence-advancedheading.kt-adv-heading_916538-07 mark.kt-highlight, .wp-block-kadence-advancedheading.kt-adv-heading_916538-07[data-kb-block=\"kb-adv-heading_916538-07\"] mark.kt-highlight{font-style:normal;color:#f76a0c;-webkit-box-decoration-break:clone;box-decoration-break:clone;padding-top:0px;padding-right:0px;padding-bottom:0px;padding-left:0px;}.wp-block-kadence-advancedheading.kt-adv-heading_916538-07 img.kb-inline-image, .wp-block-kadence-advancedheading.kt-adv-heading_916538-07[data-kb-block=\"kb-adv-heading_916538-07\"] img.kb-inline-image{width:150px;vertical-align:baseline;}<\/style>\n<p class=\"kt-adv-heading_916538-07 wp-block-kadence-advancedheading\" data-kb-block=\"kb-adv-heading_916538-07\"><strong>Limburg<\/strong><br>Maastricht: <a rel=\"noreferrer noopener\" href=\"http:\/\/www.circulocervantes.nl\/\" target=\"_blank\">C\u00edrculo Cervantes<\/a><br><br><strong>Noord-Brabant<\/strong><br>Breda: <a rel=\"noreferrer noopener\" href=\"http:\/\/www.laslanzas.nl\/\" target=\"_blank\">C\u00edrculo Hisp\u00e1nico Las Lanzas Breda<\/a><br>Eindhoven: <a rel=\"noreferrer noopener\" href=\"http:\/\/www.aie-eindhoven.nl\/\" target=\"_blank\">Asociaci\u00f3n Iberoamericana de Eindhoven<\/a><br>Rosmalen: <a rel=\"noreferrer noopener\" href=\"http:\/\/www.elboscodenbosch.nl\/\" target=\"_blank\">Stichting El Bosco<\/a><br><br><strong>Overijssel<\/strong><br>Deventer: <a rel=\"noreferrer noopener\" href=\"https:\/\/www.atalayadeventer.nl\/\" target=\"_blank\">Atalaya<\/a><br><br><strong>Utrecht<\/strong>   <br>Amersfoort: <a rel=\"noreferrer noopener\" href=\"https:\/\/www.amersfoortlatino.nl\/?inicio\" target=\"_blank\">Centro Hispano Americano Amersfoort<\/a><\/p>\n\n\n\n<p><strong>Noord-Holland<\/strong>   <br>Amsterdam: <a href=\"https:\/\/asociacioneae-amsterdam.nl\" data-type=\"URL\" data-id=\"https:\/\/asociacioneae-amsterdam.nl\" target=\"_blank\" rel=\"noreferrer noopener\">Asociaci\u00f3n Espa\u00f1a-Am\u00e9rica Espa\u00f1ola Amsterdam<\/a><\/p>\n\n\n<style>.wp-block-kadence-advancedheading.kt-adv-heading_15cfeb-16, .wp-block-kadence-advancedheading.kt-adv-heading_15cfeb-16[data-kb-block=\"kb-adv-heading_15cfeb-16\"]{font-style:normal;}.wp-block-kadence-advancedheading.kt-adv-heading_15cfeb-16 mark.kt-highlight, .wp-block-kadence-advancedheading.kt-adv-heading_15cfeb-16[data-kb-block=\"kb-adv-heading_15cfeb-16\"] mark.kt-highlight{font-style:normal;color:#f76a0c;-webkit-box-decoration-break:clone;box-decoration-break:clone;padding-top:0px;padding-right:0px;padding-bottom:0px;padding-left:0px;}.wp-block-kadence-advancedheading.kt-adv-heading_15cfeb-16 img.kb-inline-image, .wp-block-kadence-advancedheading.kt-adv-heading_15cfeb-16[data-kb-block=\"kb-adv-heading_15cfeb-16\"] img.kb-inline-image{width:150px;vertical-align:baseline;}<\/style>\n<p class=\"kt-adv-heading_15cfeb-16 wp-block-kadence-advancedheading\" data-kb-block=\"kb-adv-heading_15cfeb-16\"><strong>Zuid-Holland<\/strong><br>Den Haag: <a href=\"http:\/\/www.asoha.nl\/\" target=\"_blank\" rel=\"noreferrer noopener\">Asociaci\u00f3n Hisp\u00e1nica de la Haya<\/a><br>Rotterdam: <a href=\"http:\/\/www.aha-rdam.nl\/\" target=\"_blank\" rel=\"noreferrer noopener\">La Asociaci\u00f3n Hispano Americana de Rotterdam (A.H.A.)<\/a><br><br><strong>Gelderland<\/strong><br>Arnhem: <a href=\"http:\/\/www.circuloelpuente.nl\/\" target=\"_blank\" rel=\"noreferrer noopener\">C\u00edrculo El Puente<\/a><\/p>\n","protected":false},"excerpt":{"rendered":"<p>De Spaanse taal is niet alleen geliefd onder scholieren en studenten, maar zeker ook onder volwassenen. Uit interesse in de taal en de Spaanse en Latijns-Amerikaanse cultuur hebben verschillende groepen van aficionados verenigingen voor hispanisten opgericht. Deze verenigingen zijn door heel Nederland te vinden. Zij zijn veelal ondergebracht in de koepelorganisatie Uni\u00f3n de Asociaciones Ib\u00e9ricas [&hellip;]<\/p>\n","protected":false},"author":2,"featured_media":0,"parent":0,"menu_order":0,"comment_status":"closed","ping_status":"closed","template":"templates\/template-full-width.php","meta":{"footnotes":""},"class_list":["post-169","page","type-page","status-publish","hentry"],"jetpack_sharing_enabled":true,"publishpress_future_action":{"enabled":false,"date":"2026-05-05 05:59:48","action":"change-status","newStatus":"draft","terms":[],"taxonomy":"","extraData":[]},"publishpress_future_workflow_manual_trigger":{"enabledWorkflows":[]},"post_mailing_queue_ids":[],"_links":{"self":[{"href":"https:\/\/platformspaans.nl\/index.php?rest_route=\/wp\/v2\/pages\/169","targetHints":{"allow":["GET"]}}],"collection":[{"href":"https:\/\/platformspaans.nl\/index.php?rest_route=\/wp\/v2\/pages"}],"about":[{"href":"https:\/\/platformspaans.nl\/index.php?rest_route=\/wp\/v2\/types\/page"}],"author":[{"embeddable":true,"href":"https:\/\/platformspaans.nl\/index.php?rest_route=\/wp\/v2\/users\/2"}],"replies":[{"embeddable":true,"href":"https:\/\/platformspaans.nl\/index.php?rest_route=%2Fwp%2Fv2%2Fcomments&post=169"}],"version-history":[{"count":9,"href":"https:\/\/platformspaans.nl\/index.php?rest_route=\/wp\/v2\/pages\/169\/revisions"}],"predecessor-version":[{"id":1351,"href":"https:\/\/platformspaans.nl\/index.php?rest_route=\/wp\/v2\/pages\/169\/revisions\/1351"}],"wp:attachment":[{"href":"https:\/\/platformspaans.nl\/index.php?rest_route=%2Fwp%2Fv2%2Fmedia&parent=169"}],"curies":[{"name":"wp","href":"https:\/\/api.w.org\/{rel}","templated":true}]}}