{"id":2457,"date":"2025-09-11T07:27:52","date_gmt":"2025-09-11T07:27:52","guid":{"rendered":"https:\/\/platformspaans.nl\/?page_id=2457"},"modified":"2025-09-12T07:00:48","modified_gmt":"2025-09-12T07:00:48","slug":"radboud-universiteit","status":"publish","type":"page","link":"https:\/\/platformspaans.nl\/?page_id=2457","title":{"rendered":"Radboud Universiteit"},"content":{"rendered":"\n<h2 class=\"wp-block-heading\"><strong>Docentenmiddag Spaans 2025<\/strong><\/h2>\n\n\n\n<p><strong>Docent als ambassadeur van het vak: van eindtermen naar lesmateriaal, ge\u00efnspireerd door onderzoek&nbsp;<\/strong><\/p>\n\n\n\n<p><strong>Bijzondere <\/strong><strong>Docentenmiddag<\/strong><strong> Spaans, georganiseerd door de Radboud Docenten Academie, de afdeling Romaanse Talen &amp; Culturen en Platform Spaans, met als doel de boeiende kanten van onze opleidingen rechtstreeks de VO-klas in te brengen.<\/strong><\/p>\n\n\n\n<p>Tijdens deze LOB-campagne ben jij als docent de ambassadeur van het vak Spaans. Deze middag staat in het teken van de vraag hoe taalstudies aantrekkelijker gemaakt kunnen worden voor leerlingen.<\/p>\n\n\n\n<ul class=\"wp-block-list\">\n<li>Hoe kan ik mijn leerlingen op een boeiende manier begeleiden bij hun studie- of beroepskeuze?<\/li>\n\n\n\n<li>Hoe kan ik hen interesseren voor wetenschappelijk onderzoek naar bijvoorbeeld kolonisatie of taalvariatie?<\/li>\n\n\n\n<li>Hoe kunnen mijn taallessen, door middel van spannende inhoud, bijdragen aan de persoonlijke ontwikkeling van mijn leerlingen?<\/li>\n<\/ul>\n\n\n\n<p>Er is ruimte om samen met collega\u2019s uit je regio te werken aan het ontwerpen van inspirerende lessen. Je ervaart hoe je stapsgewijs lesidee\u00ebn kunt ontwikkelen rondom de nieuwe domeinen van het examenprogramma: taalbewustzijn en cultuurbewustzijn.<\/p>\n\n\n\n<p>En natuurlijk sluiten we af in de <em>bar<\/em>, waar we verder kunnen bijpraten onder het genot van een <em>vino<\/em> en <em>tapeo<\/em>. Alle aanwezigen doen mee aan de <em>concurso<\/em>, waarbij verschillende <em>premios<\/em> voor je leerlingen worden uitgedeeld. Bovendien ontvangen docenten achteraf alle materialen die op landelijk niveau zijn ontwikkeld.<\/p>\n\n\n\n<p><strong>Programma<\/strong><\/p>\n\n\n\n<p>Het programma van de Docentendag met informatie over de verschillende lezingen en sprekers vind je hierboven bij &#8216;programma&#8217;.<\/p>\n\n\n\n<h2 class=\"wp-block-heading has-small-font-size\"><strong>Programa jueves 2 de octubre del 2025<\/strong><\/h2>\n\n\n\n<p><strong>12h30 |<\/strong>&nbsp;Caf\u00e9 de bienvenida y registro<\/p>\n\n\n\n<p><strong>12h50 |&nbsp;<\/strong>Apertura por Marly Nas (RU \u2013 Spaanse taal &amp; cultuur)<\/p>\n\n\n\n<p><strong>13h00 |&nbsp;<\/strong>Andrea P\u00e9rez Gonz\u00e1lez (RU) &#8211;&nbsp;<em>Las posibilidades del archivo de Braganza: texto, imagen y realidad digital.&nbsp;<\/em>De la investigaci\u00f3n a la clase de ELE desde materiales para activar la conciencia cultural.<\/p>\n\n\n\n<p><strong>13h45 |<\/strong>&nbsp;Luis Miguel Rojas Berscia (RU) \u2013&nbsp;<em>Am\u00e9rica polilectal: una introducci\u00f3n a la ling\u00fc\u00edstica din\u00e1mica desde el l\u00e9xico espa\u00f1ol-indoamericano.&nbsp;<\/em>De la investigaci\u00f3n a la clase de ELE desde materiales para activar la conciencia ling\u00fc\u00edstica.<\/p>\n\n\n\n<p><strong>14h30 |<\/strong>&nbsp;Pausa caf\u00e9<\/p>\n\n\n\n<p><strong>14h45 |&nbsp;<\/strong>Mayte Ib\u00e1\u00f1ez (RDA)<strong>&nbsp;<\/strong>\u2013&nbsp;<em>Orientaci\u00f3n de estudios y profesional: c\u00f3mo abordar este nuevo objetivo curricular<\/em>. Espacio para dise\u00f1ar juntos materiales listos para llevar a clase.<\/p>\n\n\n\n<p><strong>16h30 |<\/strong>&nbsp;Vinito y tapeo para conocer mejor a tus compa\u00f1eros de la zona, The Yard (edificio EOS)<\/p>\n\n\n\n<p><strong>17h15 |&nbsp;<\/strong>Concurso y premios<\/p>\n\n\n\n<p><strong>Aanmelden &amp; kosten<\/strong><\/p>\n\n\n\n<p>De Docentendag vindt plaats op donderdag 2 oktober op de campus van de Radboud Universiteit Nijmegen.\u00a0Aanmelden voor de Docentendag kan via <a href=\"https:\/\/webforms.ru.nl\/cf0a9468-7356-f011-877b-6045bd98875a?_gl=1*zxmxud*_gcl_au*MTM2NDA1OTU4My4xNzUyMjMxMDI2*_ga*MTE4NjgzODE4Ni4xNzI0MzI4Njk3*_ga_6C86NZ2VXH*czE3NTc2NTkzNjUkbzUxJGcxJHQxNzU3NjYwMDM5JGo2MCRsMCRoMA..\">deze link<\/a>. Je voldoet de betaling (\u20ac99), direct bij aanmelding via creditcard, Ideal of PayPal. Je ontvangt een bevestiging voor eventuele declaratie bij uw werkgever.<\/p>\n\n\n\n<p>Studenten kunnen tegen een gereduceerd tarief (\u20ac20,-) deelnemen aan deze Docentendag. Aanmelden kan via <a href=\"https:\/\/webforms.ru.nl\/8477e8ba-7456-f011-877b-6045bd98875a?_gl=1*1tmxdhm*_gcl_au*MTM2NDA1OTU4My4xNzUyMjMxMDI2*_ga*MTE4NjgzODE4Ni4xNzI0MzI4Njk3*_ga_6C86NZ2VXH*czE3NTc2NTkzNjUkbzUxJGcxJHQxNzU3NjYwMTUzJGo2MCRsMCRoMA..\">deze link.<\/a><\/p>\n\n\n\n<p><strong>Onderwijsvorm<\/strong>: op locatie<\/p>\n\n\n\n<p><strong>Voertaal<\/strong>: Spaans<\/p>\n\n\n\n<p><strong>Docent(en)<\/strong><\/p>\n\n\n\n<p><a href=\"https:\/\/www.ru.nl\/personen\/nas-m\">drs. M.S. Nas (Marly) | Radboud Universiteit<\/a><\/p>\n\n\n\n<p><a href=\"https:\/\/www.ru.nl\/personen\/rojas-berscia-l\">dr. L.M. Rojas Berscia (Luis Miguel) | Radboud Universiteit<\/a><\/p>\n\n\n\n<p><a href=\"https:\/\/www.ru.nl\/personen\/perez-gonzalez-a\">dr. A.M. Perez Gonzalez (Andrea) | Radboud Universiteit<\/a><\/p>\n\n\n\n<p><a href=\"https:\/\/www.ru.nl\/afdelingen\/instituten\/radboud-docenten-academie\" data-type=\"link\" data-id=\"https:\/\/www.ru.nl\/afdelingen\/instituten\/radboud-docenten-academie\">MA E.T. Ibanez Morocho (Mayte) | Radboud Docenten Academie<\/a><\/p>\n\n\n\n<p>Informatie en aanmelding ook mogelijk rechtstreeks op de website van Radboud Universiteit via deze link: <a href=\"https:\/\/www.ru.nl\/opleidingen\/onderwijs-voor-professionals\/overzicht\/docentenmiddag-spaans-docent-als-ambassadeur-van-het-vak-van-eindtermen-naar-lesmateriaal-geinspireerd-door-onderzoek\">Docentenmiddag Spaans | Docent als ambassadeur van het vak: van eindtermen naar lesmateriaal, ge\u00efnspireerd door onderzoek | Radboud Universiteit<\/a><\/p>\n","protected":false},"excerpt":{"rendered":"<p>Docentenmiddag Spaans 2025 Docent als ambassadeur van het vak: van eindtermen naar lesmateriaal, ge\u00efnspireerd door onderzoek&nbsp; Bijzondere Docentenmiddag Spaans, georganiseerd door de Radboud Docenten Academie, de afdeling Romaanse Talen &amp; Culturen en Platform Spaans, met als doel de boeiende kanten van onze opleidingen rechtstreeks de VO-klas in te brengen. Tijdens deze LOB-campagne ben jij als [&hellip;]<\/p>\n","protected":false},"author":2,"featured_media":0,"parent":0,"menu_order":0,"comment_status":"closed","ping_status":"closed","template":"","meta":{"footnotes":""},"class_list":["post-2457","page","type-page","status-publish","hentry"],"jetpack_sharing_enabled":true,"publishpress_future_action":{"enabled":false,"date":"2026-04-27 07:08:23","action":"change-status","newStatus":"draft","terms":[],"taxonomy":"","extraData":[]},"publishpress_future_workflow_manual_trigger":{"enabledWorkflows":[]},"post_mailing_queue_ids":[],"_links":{"self":[{"href":"https:\/\/platformspaans.nl\/index.php?rest_route=\/wp\/v2\/pages\/2457","targetHints":{"allow":["GET"]}}],"collection":[{"href":"https:\/\/platformspaans.nl\/index.php?rest_route=\/wp\/v2\/pages"}],"about":[{"href":"https:\/\/platformspaans.nl\/index.php?rest_route=\/wp\/v2\/types\/page"}],"author":[{"embeddable":true,"href":"https:\/\/platformspaans.nl\/index.php?rest_route=\/wp\/v2\/users\/2"}],"replies":[{"embeddable":true,"href":"https:\/\/platformspaans.nl\/index.php?rest_route=%2Fwp%2Fv2%2Fcomments&post=2457"}],"version-history":[{"count":4,"href":"https:\/\/platformspaans.nl\/index.php?rest_route=\/wp\/v2\/pages\/2457\/revisions"}],"predecessor-version":[{"id":2476,"href":"https:\/\/platformspaans.nl\/index.php?rest_route=\/wp\/v2\/pages\/2457\/revisions\/2476"}],"wp:attachment":[{"href":"https:\/\/platformspaans.nl\/index.php?rest_route=%2Fwp%2Fv2%2Fmedia&parent=2457"}],"curies":[{"name":"wp","href":"https:\/\/api.w.org\/{rel}","templated":true}]}}