{"id":2489,"date":"2025-09-12T08:12:00","date_gmt":"2025-09-12T08:12:00","guid":{"rendered":"https:\/\/platformspaans.nl\/?page_id=2489"},"modified":"2025-09-12T09:15:03","modified_gmt":"2025-09-12T09:15:03","slug":"universiteit-leiden","status":"publish","type":"page","link":"https:\/\/platformspaans.nl\/?page_id=2489","title":{"rendered":"Universiteit Leiden"},"content":{"rendered":"\n<p><\/p>\n\n\n\n<p>El departamento de Latin American Studies (LAS) de la Universidad de Leiden te invita a un encuentro para profesores en el marco de la campa\u00f1a LOB (loopbaanori\u00ebntatie \u2013 orientaci\u00f3n profesional) de Pla\u019eorm Spaans. <\/p>\n\n\n\n<p>Con este encuentro queremos abrir una ventana a nuestro trabajo investigador y compartirlo con otros profesionales de la ense\u00f1anza.<\/p>\n\n\n\n<p><br><strong>Mi\u00e9rcoles 1 de octubre de 14.00h a las 17.30 h.<\/strong><\/p>\n\n\n\n<p><br><strong>Direcci\u00f3n:<\/strong> <\/p>\n\n\n\n<p>Universidad de Leiden, Lipsius Gebouw \u2013 zaal 2.04 (Cleveringaplaats 1, 2311BD Leiden)<\/p>\n\n\n\n<p><br><strong>Gastos:<\/strong> gratuito<\/p>\n\n\n\n<p><br><strong>Programa:<\/strong><\/p>\n\n\n\n<p><br><strong>14h00 |<\/strong> Bienvenida y apertura<br><strong>14h15|<\/strong> La multicompetencia en ELE: el caso filipino. Reden Valencia (LAS, Universidad de Leiden) \u2013 En esta charla hablaremos del aprendizaje de lenguas por alumnos multiling\u00fces desde un estudio de caso muy particular.<br><strong>15h00 |<\/strong>La m\u00fasica como campo de batalla en la Cuba contempor\u00e1nea. Nanne Timmer (LAS, Universidad de Leiden) \u2013 En esta presentaci\u00f3n viajaremos a la Cuba de hoy en d\u00eda para descubrir c\u00f3mo el devenir del pa\u00eds tambi\u00e9n se escribe con notas musicales.<br><strong>15h45 |<\/strong> Pausa<br><strong>16h00 |<\/strong> Taller: Del tema al objetivo: un viaje de ida y vuelta. Elvira Mu\u00f1oz Moreno (LAS, Universidad de Leiden) \u2013 En este taller trabajaremos con los nuevos kerndoelen y el examenprogramma de SLO y su aplicaci\u00f3n en nuestras clases de espa\u00f1ol.<br><strong>16h45 |<\/strong> Charla con colegas de la regi\u00f3n y brindis<br><strong>17h30 |<\/strong> Cierre<\/p>\n\n\n\n<p><strong>Ap\u00fantate a trav\u00e9s de <a href=\"https:\/\/forms.office.com\/e\/BcVur5HA8Z\" target=\"_blank\" rel=\"noreferrer noopener\">este enlace<\/a>:<\/strong><br>https:\/\/forms.office.com\/e\/BcVur5HA8Z<\/p>\n","protected":false},"excerpt":{"rendered":"<p>El departamento de Latin American Studies (LAS) de la Universidad de Leiden te invita a un encuentro para profesores en el marco de la campa\u00f1a LOB (loopbaanori\u00ebntatie \u2013 orientaci\u00f3n profesional) de Pla\u019eorm Spaans. Con este encuentro queremos abrir una ventana a nuestro trabajo investigador y compartirlo con otros profesionales de la ense\u00f1anza. Mi\u00e9rcoles 1 de [&hellip;]<\/p>\n","protected":false},"author":2,"featured_media":0,"parent":0,"menu_order":0,"comment_status":"closed","ping_status":"closed","template":"","meta":{"footnotes":""},"class_list":["post-2489","page","type-page","status-publish","hentry"],"jetpack_sharing_enabled":true,"publishpress_future_action":{"enabled":false,"date":"2026-04-27 07:16:35","action":"change-status","newStatus":"draft","terms":[],"taxonomy":"","extraData":[]},"publishpress_future_workflow_manual_trigger":{"enabledWorkflows":[]},"post_mailing_queue_ids":[],"_links":{"self":[{"href":"https:\/\/platformspaans.nl\/index.php?rest_route=\/wp\/v2\/pages\/2489","targetHints":{"allow":["GET"]}}],"collection":[{"href":"https:\/\/platformspaans.nl\/index.php?rest_route=\/wp\/v2\/pages"}],"about":[{"href":"https:\/\/platformspaans.nl\/index.php?rest_route=\/wp\/v2\/types\/page"}],"author":[{"embeddable":true,"href":"https:\/\/platformspaans.nl\/index.php?rest_route=\/wp\/v2\/users\/2"}],"replies":[{"embeddable":true,"href":"https:\/\/platformspaans.nl\/index.php?rest_route=%2Fwp%2Fv2%2Fcomments&post=2489"}],"version-history":[{"count":4,"href":"https:\/\/platformspaans.nl\/index.php?rest_route=\/wp\/v2\/pages\/2489\/revisions"}],"predecessor-version":[{"id":2504,"href":"https:\/\/platformspaans.nl\/index.php?rest_route=\/wp\/v2\/pages\/2489\/revisions\/2504"}],"wp:attachment":[{"href":"https:\/\/platformspaans.nl\/index.php?rest_route=%2Fwp%2Fv2%2Fmedia&parent=2489"}],"curies":[{"name":"wp","href":"https:\/\/api.w.org\/{rel}","templated":true}]}}