{"id":506,"date":"2021-10-06T09:24:24","date_gmt":"2021-10-06T09:24:24","guid":{"rendered":"https:\/\/platformspaanstest.wordpress.com\/?page_id=506"},"modified":"2023-04-07T12:13:34","modified_gmt":"2023-04-07T12:13:34","slug":"doelen","status":"publish","type":"page","link":"https:\/\/platformspaans.nl\/?page_id=506","title":{"rendered":"Doelen"},"content":{"rendered":"<style>.wp-block-kadence-advancedheading.kt-adv-heading_b25c7c-ae, .wp-block-kadence-advancedheading.kt-adv-heading_b25c7c-ae[data-kb-block=\"kb-adv-heading_b25c7c-ae\"]{font-style:normal;}.wp-block-kadence-advancedheading.kt-adv-heading_b25c7c-ae mark.kt-highlight, .wp-block-kadence-advancedheading.kt-adv-heading_b25c7c-ae[data-kb-block=\"kb-adv-heading_b25c7c-ae\"] mark.kt-highlight{font-style:normal;color:#f76a0c;-webkit-box-decoration-break:clone;box-decoration-break:clone;padding-top:0px;padding-right:0px;padding-bottom:0px;padding-left:0px;}.wp-block-kadence-advancedheading.kt-adv-heading_b25c7c-ae img.kb-inline-image, .wp-block-kadence-advancedheading.kt-adv-heading_b25c7c-ae[data-kb-block=\"kb-adv-heading_b25c7c-ae\"] img.kb-inline-image{width:150px;vertical-align:baseline;}<\/style>\n<p class=\"kt-adv-heading_b25c7c-ae wp-block-kadence-advancedheading\" data-kb-block=\"kb-adv-heading_b25c7c-ae\">Platform Spaans verzamelt en verspreidt informatie tussen hispanisten en ge\u00efnteresseerden in de Spaanse taal en cultuur, zowel van Spanje als van Latijns-Amerika. Het onafhankelijke platform deelt en promoot breed geori\u00ebnteerde informatie met betrekking tot activiteiten en nieuws over de Spaanstalige wereld in Nederland. Het platform richt zich tot een breed scala aan groepen, zoals verenigingen voor docenten in het voortgezet onderwijs, tolken en vertalers, universitaire studenten, of onderwijsinstellingen. Op deze manier bieden we (toekomstige) hispanisten informatie over relevante organisaties en activiteiten.<\/p>\n\n\n\n<p>Daarnaast wil het platform als een spreekbuis werken voor mensen en instellingen die ge\u00efnteresseerd zijn in het verdedigen en promoten van het onderwijs in het Spaans in Nederland, met als doel om te dienen als gesprekspartner met de autoriteiten en instanties die het vermogen hebben om beslissingen te nemen die van invloed zijn op de relevantie van het Spaans op alle niveaus in Nederland. Het nieuwe Platform Spaans wil op deze manier waar nodig optreden bij specifieke vraagstukken als pressiegroep ter verdediging van de gemeenschappelijke belangen van de leden van het platform. <\/p>\n\n\n<style>.wp-block-kadence-advancedheading.kt-adv-heading_d4dedc-a6, .wp-block-kadence-advancedheading.kt-adv-heading_d4dedc-a6[data-kb-block=\"kb-adv-heading_d4dedc-a6\"]{font-style:normal;}.wp-block-kadence-advancedheading.kt-adv-heading_d4dedc-a6 mark.kt-highlight, .wp-block-kadence-advancedheading.kt-adv-heading_d4dedc-a6[data-kb-block=\"kb-adv-heading_d4dedc-a6\"] mark.kt-highlight{font-style:normal;color:#f76a0c;-webkit-box-decoration-break:clone;box-decoration-break:clone;padding-top:0px;padding-right:0px;padding-bottom:0px;padding-left:0px;}.wp-block-kadence-advancedheading.kt-adv-heading_d4dedc-a6 img.kb-inline-image, .wp-block-kadence-advancedheading.kt-adv-heading_d4dedc-a6[data-kb-block=\"kb-adv-heading_d4dedc-a6\"] img.kb-inline-image{width:150px;vertical-align:baseline;}<\/style>\n<p class=\"kt-adv-heading_d4dedc-a6 wp-block-kadence-advancedheading\" data-kb-block=\"kb-adv-heading_d4dedc-a6\">Platform Spaans heeft een website waaraan het initiatief ten grondslag ligt. Op het platform wordt alle actuele informatie verzameld over organisaties, activiteiten, en nieuws omtrent de Spaanstalige wereld in Nederland. De informatie op de website wordt regelmatig bijgewerkt om de activiteiten van de verschillende organisaties op de voet te kunnen volgen. Bovendien organiseert Platform Spaans activiteiten, bedoeld voor de&nbsp;hispanisten in Nederland, zoals studiedagen, bijeenkomsten, of lezingen.<\/p>\n\n\n<style>.wp-block-kadence-advancedheading.kt-adv-heading_bb7f3d-36, .wp-block-kadence-advancedheading.kt-adv-heading_bb7f3d-36[data-kb-block=\"kb-adv-heading_bb7f3d-36\"]{font-style:normal;}.wp-block-kadence-advancedheading.kt-adv-heading_bb7f3d-36 mark.kt-highlight, .wp-block-kadence-advancedheading.kt-adv-heading_bb7f3d-36[data-kb-block=\"kb-adv-heading_bb7f3d-36\"] mark.kt-highlight{font-style:normal;color:#f76a0c;-webkit-box-decoration-break:clone;box-decoration-break:clone;padding-top:0px;padding-right:0px;padding-bottom:0px;padding-left:0px;}.wp-block-kadence-advancedheading.kt-adv-heading_bb7f3d-36 img.kb-inline-image, .wp-block-kadence-advancedheading.kt-adv-heading_bb7f3d-36[data-kb-block=\"kb-adv-heading_bb7f3d-36\"] img.kb-inline-image{width:150px;vertical-align:baseline;}<\/style>\n<p class=\"kt-adv-heading_bb7f3d-36 wp-block-kadence-advancedheading\" data-kb-block=\"kb-adv-heading_bb7f3d-36\">Platform Spaans is ontstaan uit en wordt in stand gehouden dankzij een samenwerking tussen verschillende publieke organisaties. De inhoud van de website weerspiegelt een openbare en neutrale identiteit, hetgeen betekent dat met de inhoud geen winstgevend doel wordt beoogd. De financiering van de activiteiten en evenementen van Platform Spaans wordt gedragen door sponsoren en publieke instellingen. Omdat Platform Spaans niet ingeschreven is bij de Kamer van Koophandel zullen de deelnemende organisaties zorg dragen voor het financieel beheer. Platform Spaans is een instantie zonder winstoogmerk.<\/p>\n\n\n<style>.wp-block-kadence-advancedheading.kt-adv-heading_045d6b-0a, .wp-block-kadence-advancedheading.kt-adv-heading_045d6b-0a[data-kb-block=\"kb-adv-heading_045d6b-0a\"]{font-style:normal;}.wp-block-kadence-advancedheading.kt-adv-heading_045d6b-0a mark.kt-highlight, .wp-block-kadence-advancedheading.kt-adv-heading_045d6b-0a[data-kb-block=\"kb-adv-heading_045d6b-0a\"] mark.kt-highlight{font-style:normal;color:#f76a0c;-webkit-box-decoration-break:clone;box-decoration-break:clone;padding-top:0px;padding-right:0px;padding-bottom:0px;padding-left:0px;}.wp-block-kadence-advancedheading.kt-adv-heading_045d6b-0a img.kb-inline-image, .wp-block-kadence-advancedheading.kt-adv-heading_045d6b-0a[data-kb-block=\"kb-adv-heading_045d6b-0a\"] img.kb-inline-image{width:150px;vertical-align:baseline;}<\/style>\n<p class=\"kt-adv-heading_045d6b-0a wp-block-kadence-advancedheading\" data-kb-block=\"kb-adv-heading_045d6b-0a\"><strong>En espa\u00f1ol:<\/strong><br>Platform Spaans re\u00fane y difunde informaci\u00f3n entre hispanistas e interesados en la lengua y cultura hisp\u00e1nica, tanto de Espa\u00f1a como de Am\u00e9rica Latina. Como plataforma independiente, comparte y promueve informaci\u00f3n de amplia orientaci\u00f3n acerca de actividades y noticias sobre el mundo hisp\u00e1nico en los Pa\u00edses Bajos.&nbsp; La plataforma est\u00e1 dirigida a grupos de diversa \u00edndole tal como asociaciones de profesores de secundaria, int\u00e9rpretes y traductores, estudiantes universitarios o instancias educativas. De esa manera, ofrecemos a los (futuros) hispanistas informaci\u00f3n sobre organizaciones y actividades relevantes.<\/p>\n\n\n\n<p>Adem\u00e1s, la plataforma pretende funcionar como altavoz de las personas e instituciones interesadas en la defensa y promoci\u00f3n de la ense\u00f1anza del espa\u00f1ol en los Pa\u00edses Bajos, con la vocaci\u00f3n de servir de interlocutor ante las autoridades y estamentos que tienen la capacidad de tomar las decisiones que afectan a la relevancia del espa\u00f1ol en los Pa\u00edses Bajos a todos los niveles. La nueva Platform Spaans pretende, de esta manera, actuar cuando sea necesario en cuestiones concretas, funcionando como grupo de presi\u00f3n en defensa de los intereses comunes de los miembros de la plataforma. <\/p>\n\n\n<style>.wp-block-kadence-advancedheading.kt-adv-heading_123134-51, .wp-block-kadence-advancedheading.kt-adv-heading_123134-51[data-kb-block=\"kb-adv-heading_123134-51\"]{font-style:normal;}.wp-block-kadence-advancedheading.kt-adv-heading_123134-51 mark.kt-highlight, .wp-block-kadence-advancedheading.kt-adv-heading_123134-51[data-kb-block=\"kb-adv-heading_123134-51\"] mark.kt-highlight{font-style:normal;color:#f76a0c;-webkit-box-decoration-break:clone;box-decoration-break:clone;padding-top:0px;padding-right:0px;padding-bottom:0px;padding-left:0px;}.wp-block-kadence-advancedheading.kt-adv-heading_123134-51 img.kb-inline-image, .wp-block-kadence-advancedheading.kt-adv-heading_123134-51[data-kb-block=\"kb-adv-heading_123134-51\"] img.kb-inline-image{width:150px;vertical-align:baseline;}<\/style>\n<p class=\"kt-adv-heading_123134-51 wp-block-kadence-advancedheading\" data-kb-block=\"kb-adv-heading_123134-51\">Platform Spaans tiene una p\u00e1gina web que sirve como base de la iniciativa. En la plataforma se re\u00fane informaci\u00f3n actualizada sobre las organizaciones, actividades y noticias relacionadas con el mundo hisp\u00e1nico en los Pa\u00edses Bajos. La informaci\u00f3n de esta p\u00e1gina web se actualiza regularmente para seguir de cerca las actividades de las distintas organizaciones. La Platform Spaans organiza adem\u00e1s actividades destinadas al mundo del hispanismo en los Pa\u00edses Bajos, tal como jornadas, encuentros o charlas.&nbsp;<\/p>\n\n\n<style>.wp-block-kadence-advancedheading.kt-adv-heading_dfe3b4-a1, .wp-block-kadence-advancedheading.kt-adv-heading_dfe3b4-a1[data-kb-block=\"kb-adv-heading_dfe3b4-a1\"]{font-style:normal;}.wp-block-kadence-advancedheading.kt-adv-heading_dfe3b4-a1 mark.kt-highlight, .wp-block-kadence-advancedheading.kt-adv-heading_dfe3b4-a1[data-kb-block=\"kb-adv-heading_dfe3b4-a1\"] mark.kt-highlight{font-style:normal;color:#f76a0c;-webkit-box-decoration-break:clone;box-decoration-break:clone;padding-top:0px;padding-right:0px;padding-bottom:0px;padding-left:0px;}.wp-block-kadence-advancedheading.kt-adv-heading_dfe3b4-a1 img.kb-inline-image, .wp-block-kadence-advancedheading.kt-adv-heading_dfe3b4-a1[data-kb-block=\"kb-adv-heading_dfe3b4-a1\"] img.kb-inline-image{width:150px;vertical-align:baseline;}<\/style>\n<p class=\"kt-adv-heading_dfe3b4-a1 wp-block-kadence-advancedheading\" data-kb-block=\"kb-adv-heading_dfe3b4-a1\">Platform Spaans se ha constituido y se mantiene al d\u00eda gracias al trabajo conjunto de varias organizaciones p\u00fablicas. El contenido del sitio web refleja esta identidad p\u00fablica y neutra, lo cual significa que sus contenidos est\u00e1n exentos de \u00e1nimo de lucro. La financiaci\u00f3n de las actividades de la Platform Spaans corren a cargo de patrocinadores e instancias p\u00fablicas. Las organizaciones participantes se encargan de la gesti\u00f3n de las finanzas, ya que la Platform Spaans no est\u00e1 registrada en la C\u00e1mara de Comercio de los Pa\u00edses Bajos. Platform Spaans es una entidad sin \u00e1nimo de lucro.<\/p>\n\n\n\n<p>\u00a9 2022<\/p>\n","protected":false},"excerpt":{"rendered":"<p>Platform Spaans verzamelt en verspreidt informatie tussen hispanisten en ge\u00efnteresseerden in de Spaanse taal en cultuur, zowel van Spanje als van Latijns-Amerika. Het onafhankelijke platform deelt en promoot breed geori\u00ebnteerde informatie met betrekking tot activiteiten en nieuws over de Spaanstalige wereld in Nederland. Het platform richt zich tot een breed scala aan groepen, zoals verenigingen [&hellip;]<\/p>\n","protected":false},"author":2,"featured_media":0,"parent":0,"menu_order":0,"comment_status":"closed","ping_status":"closed","template":"","meta":{"footnotes":""},"class_list":["post-506","page","type-page","status-publish","hentry"],"jetpack_sharing_enabled":true,"publishpress_future_action":{"enabled":false,"date":"2026-05-05 07:31:11","action":"change-status","newStatus":"draft","terms":[],"taxonomy":"","extraData":[]},"publishpress_future_workflow_manual_trigger":{"enabledWorkflows":[]},"post_mailing_queue_ids":[],"_links":{"self":[{"href":"https:\/\/platformspaans.nl\/index.php?rest_route=\/wp\/v2\/pages\/506","targetHints":{"allow":["GET"]}}],"collection":[{"href":"https:\/\/platformspaans.nl\/index.php?rest_route=\/wp\/v2\/pages"}],"about":[{"href":"https:\/\/platformspaans.nl\/index.php?rest_route=\/wp\/v2\/types\/page"}],"author":[{"embeddable":true,"href":"https:\/\/platformspaans.nl\/index.php?rest_route=\/wp\/v2\/users\/2"}],"replies":[{"embeddable":true,"href":"https:\/\/platformspaans.nl\/index.php?rest_route=%2Fwp%2Fv2%2Fcomments&post=506"}],"version-history":[{"count":8,"href":"https:\/\/platformspaans.nl\/index.php?rest_route=\/wp\/v2\/pages\/506\/revisions"}],"predecessor-version":[{"id":1526,"href":"https:\/\/platformspaans.nl\/index.php?rest_route=\/wp\/v2\/pages\/506\/revisions\/1526"}],"wp:attachment":[{"href":"https:\/\/platformspaans.nl\/index.php?rest_route=%2Fwp%2Fv2%2Fmedia&parent=506"}],"curies":[{"name":"wp","href":"https:\/\/api.w.org\/{rel}","templated":true}]}}