{"id":547,"date":"2021-10-07T09:58:29","date_gmt":"2021-10-07T07:58:29","guid":{"rendered":"https:\/\/platformspaanstest.wordpress.com\/?page_id=547"},"modified":"2022-01-17T14:05:45","modified_gmt":"2022-01-17T14:05:45","slug":"cenl","status":"publish","type":"page","link":"https:\/\/platformspaans.nl\/?page_id=547","title":{"rendered":"Cient\u00edficos Espa\u00f1oles en los Pa\u00edses Bajos"},"content":{"rendered":"<style>#kt-layout-id_8b0ee4-25 > .kt-row-column-wrap{align-content:center;}:where(#kt-layout-id_8b0ee4-25 > .kt-row-column-wrap) > .wp-block-kadence-column{justify-content:center;}#kt-layout-id_8b0ee4-25 > .kt-row-column-wrap{column-gap:var(--global-kb-gap-md, 2rem);row-gap:var(--global-kb-gap-md, 2rem);padding-top:var( --global-kb-row-default-top, 25px );padding-bottom:var( --global-kb-row-default-bottom, 25px );padding-top:var(--global-kb-spacing-sm, 1.5rem);padding-bottom:var(--global-kb-spacing-sm, 1.5rem);grid-template-columns:repeat(2, minmax(0, 1fr));}#kt-layout-id_8b0ee4-25 > .kt-row-layout-overlay{opacity:0.30;}@media all and (max-width: 1024px){#kt-layout-id_8b0ee4-25 > .kt-row-column-wrap{grid-template-columns:repeat(2, minmax(0, 1fr));}}@media all and (max-width: 767px){#kt-layout-id_8b0ee4-25 > .kt-row-column-wrap{grid-template-columns:minmax(0, 1fr);}}<\/style>\n<div class=\"wp-block-kadence-rowlayout alignnone\"><div id=\"kt-layout-id_8b0ee4-25\" class=\"kt-row-layout-inner kt-layout-id_8b0ee4-25\"><div class=\"kt-row-column-wrap kt-has-2-columns kt-gutter-default kt-v-gutter-default kt-row-valign-middle kt-row-layout-equal kt-tab-layout-inherit kt-m-colapse-left-to-right kt-mobile-layout-row\"><style>.kadence-column_20d03c-bd > .kt-inside-inner-col{border-top-width:0px;border-right-width:0px;border-bottom-width:0px;border-left-width:0px;}.kadence-column_20d03c-bd > .kt-inside-inner-col,.kadence-column_20d03c-bd > .kt-inside-inner-col:before{border-top-left-radius:0px;border-top-right-radius:0px;border-bottom-right-radius:0px;border-bottom-left-radius:0px;}.kadence-column_20d03c-bd > .kt-inside-inner-col{column-gap:var(--global-kb-gap-sm, 1rem);}.kadence-column_20d03c-bd > .kt-inside-inner-col{flex-direction:column;}.kadence-column_20d03c-bd > .kt-inside-inner-col > .aligncenter{width:100%;}.kadence-column_20d03c-bd > .kt-inside-inner-col:before{opacity:0.3;}.kadence-column_20d03c-bd{position:relative;}@media all and (max-width: 1024px){.kadence-column_20d03c-bd > .kt-inside-inner-col{flex-direction:column;justify-content:center;}}@media all and (max-width: 767px){.kadence-column_20d03c-bd > .kt-inside-inner-col{flex-direction:column;justify-content:center;}}<\/style>\n<div class=\"wp-block-kadence-column inner-column-1 kadence-column_20d03c-bd\"><div class=\"kt-inside-inner-col\"><style>.kb-image_ebfa7e-70 .kb-image-has-overlay:after{opacity:0.3;}<\/style>\n<div class=\"wp-block-kadence-image kb-image_ebfa7e-70\"><figure class=\"aligncenter size-full\"><img decoding=\"async\" src=\"https:\/\/platformspaans.nl\/wp-content\/uploads\/2021\/11\/CENL.jpg\" alt=\"\" class=\"kb-img kadence-image-761\"\/><\/figure><\/div>\n<\/div><\/div>\n\n\n<style>.kadence-column_94d077-f6 > .kt-inside-inner-col{border-top-width:0px;border-right-width:0px;border-bottom-width:0px;border-left-width:0px;}.kadence-column_94d077-f6 > .kt-inside-inner-col,.kadence-column_94d077-f6 > .kt-inside-inner-col:before{border-top-left-radius:0px;border-top-right-radius:0px;border-bottom-right-radius:0px;border-bottom-left-radius:0px;}.kadence-column_94d077-f6 > .kt-inside-inner-col{column-gap:var(--global-kb-gap-sm, 1rem);}.kadence-column_94d077-f6 > .kt-inside-inner-col{flex-direction:column;}.kadence-column_94d077-f6 > .kt-inside-inner-col > .aligncenter{width:100%;}.kadence-column_94d077-f6 > .kt-inside-inner-col:before{opacity:0.3;}.kadence-column_94d077-f6{position:relative;}@media all and (max-width: 1024px){.kadence-column_94d077-f6 > .kt-inside-inner-col{flex-direction:column;justify-content:center;}}@media all and (max-width: 767px){.kadence-column_94d077-f6 > .kt-inside-inner-col{flex-direction:column;justify-content:center;}}<\/style>\n<div class=\"wp-block-kadence-column inner-column-2 kadence-column_94d077-f6\"><div class=\"kt-inside-inner-col\"><style>.wp-block-kadence-advancedheading.kt-adv-heading_c5b96f-03, .wp-block-kadence-advancedheading.kt-adv-heading_c5b96f-03[data-kb-block=\"kb-adv-heading_c5b96f-03\"]{font-style:normal;}.wp-block-kadence-advancedheading.kt-adv-heading_c5b96f-03 mark.kt-highlight, .wp-block-kadence-advancedheading.kt-adv-heading_c5b96f-03[data-kb-block=\"kb-adv-heading_c5b96f-03\"] mark.kt-highlight{font-style:normal;color:#f76a0c;-webkit-box-decoration-break:clone;box-decoration-break:clone;padding-top:0px;padding-right:0px;padding-bottom:0px;padding-left:0px;}.wp-block-kadence-advancedheading.kt-adv-heading_c5b96f-03 img.kb-inline-image, .wp-block-kadence-advancedheading.kt-adv-heading_c5b96f-03[data-kb-block=\"kb-adv-heading_c5b96f-03\"] img.kb-inline-image{width:150px;vertical-align:baseline;}<\/style>\n<p class=\"kt-adv-heading_c5b96f-03 wp-block-kadence-advancedheading\" data-kb-block=\"kb-adv-heading_c5b96f-03\"><a href=\"https:\/\/www.cenetherlands.nl\/\" target=\"_blank\" rel=\"noreferrer noopener\">Cient\u00edficos Espa\u00f1oles en los Pa\u00edses Bajos<\/a> (of Spaanse Wetenschappers in Nederland) is een blog waarop Spaanse wetenschappers die in Nederland wonen relevante informatie delen voor elkaar en voor andere ge\u00efnteresseerden.<\/p>\n<\/div><\/div>\n<\/div><\/div><\/div>\n","protected":false},"excerpt":{"rendered":"<p>Cient\u00edficos Espa\u00f1oles en los Pa\u00edses Bajos (of Spaanse Wetenschappers in Nederland) is een blog waarop Spaanse wetenschappers die in Nederland wonen relevante informatie delen voor elkaar en voor andere ge\u00efnteresseerden.<\/p>\n","protected":false},"author":2,"featured_media":0,"parent":0,"menu_order":0,"comment_status":"closed","ping_status":"closed","template":"templates\/template-full-width.php","meta":{"footnotes":""},"class_list":["post-547","page","type-page","status-publish","hentry"],"jetpack_sharing_enabled":true,"publishpress_future_action":{"enabled":false,"date":"2026-05-05 05:59:49","action":"change-status","newStatus":"draft","terms":[],"taxonomy":"","extraData":[]},"publishpress_future_workflow_manual_trigger":{"enabledWorkflows":[]},"post_mailing_queue_ids":[],"_links":{"self":[{"href":"https:\/\/platformspaans.nl\/index.php?rest_route=\/wp\/v2\/pages\/547","targetHints":{"allow":["GET"]}}],"collection":[{"href":"https:\/\/platformspaans.nl\/index.php?rest_route=\/wp\/v2\/pages"}],"about":[{"href":"https:\/\/platformspaans.nl\/index.php?rest_route=\/wp\/v2\/types\/page"}],"author":[{"embeddable":true,"href":"https:\/\/platformspaans.nl\/index.php?rest_route=\/wp\/v2\/users\/2"}],"replies":[{"embeddable":true,"href":"https:\/\/platformspaans.nl\/index.php?rest_route=%2Fwp%2Fv2%2Fcomments&post=547"}],"version-history":[{"count":4,"href":"https:\/\/platformspaans.nl\/index.php?rest_route=\/wp\/v2\/pages\/547\/revisions"}],"predecessor-version":[{"id":978,"href":"https:\/\/platformspaans.nl\/index.php?rest_route=\/wp\/v2\/pages\/547\/revisions\/978"}],"wp:attachment":[{"href":"https:\/\/platformspaans.nl\/index.php?rest_route=%2Fwp%2Fv2%2Fmedia&parent=547"}],"curies":[{"name":"wp","href":"https:\/\/api.w.org\/{rel}","templated":true}]}}