{"id":95,"date":"2021-06-19T10:59:03","date_gmt":"2021-06-19T08:59:03","guid":{"rendered":"https:\/\/platformspaanstest.wordpress.com\/?page_id=95"},"modified":"2022-07-04T12:25:14","modified_gmt":"2022-07-04T12:25:14","slug":"over-ons","status":"publish","type":"page","link":"https:\/\/platformspaans.nl\/?page_id=95","title":{"rendered":"Over ons"},"content":{"rendered":"\n<p>Op de onderstaande pagina&#8217;s kom je meer te weten over onze doelen, wie wij zijn, en wie onze partners zijn:<\/p>\n\n\n\n<ul class=\"wp-block-list\"><li><a href=\"https:\/\/platformspaans.nl\/?page_id=506\" data-type=\"URL\" data-id=\"https:\/\/platformspaans.nl\/?page_id=506\">Doelen<\/a><\/li><li><a href=\"https:\/\/platformspaans.nl\/?page_id=470\" data-type=\"URL\" data-id=\"https:\/\/platformspaans.nl\/?page_id=470\">Bestuur<\/a><\/li><li><a href=\"https:\/\/platformspaans.nl\/?page_id=163\" data-type=\"URL\" data-id=\"https:\/\/platformspaans.nl\/?page_id=163\">Partners<\/a><ul><li><a href=\"https:\/\/platformspaans.nl\/?page_id=169\" data-type=\"URL\" data-id=\"https:\/\/platformspaans.nl\/?page_id=169\">Asociaciones de hispanistas<\/a><\/li><li><a href=\"https:\/\/platformspaans.nl\/?page_id=164\" data-type=\"URL\" data-id=\"https:\/\/platformspaans.nl\/?page_id=164\">Ambassades en consulaten<\/a><\/li><li><a href=\"https:\/\/platformspaans.nl\/?page_id=165\" data-type=\"URL\" data-id=\"https:\/\/platformspaans.nl\/?page_id=165\">Instituto Cervantes<\/a><\/li><li><a href=\"https:\/\/platformspaans.nl\/?page_id=1215\" data-type=\"URL\" data-id=\"https:\/\/platformspaans.nl\/?page_id=1215\">Consejer\u00eda de Educaci\u00f3n<\/a><\/li><li><a href=\"https:\/\/platformspaans.nl\/?page_id=547\" data-type=\"URL\" data-id=\"https:\/\/platformspaans.nl\/?page_id=547\">Cient\u00edficos Espa\u00f1oles en los Pa\u00edses Bajos<\/a><\/li><li><a href=\"https:\/\/platformspaans.nl\/?page_id=170\" data-type=\"URL\" data-id=\"https:\/\/platformspaans.nl\/?page_id=170\">Studieverenigingen<\/a><\/li><\/ul><\/li><\/ul>\n\n\n\n<p><\/p>\n","protected":false},"excerpt":{"rendered":"<p>Op de onderstaande pagina&#8217;s kom je meer te weten over onze doelen, wie wij zijn, en wie onze partners zijn: Doelen Bestuur Partners Asociaciones de hispanistas Ambassades en consulaten Instituto Cervantes Consejer\u00eda de Educaci\u00f3n Cient\u00edficos Espa\u00f1oles en los Pa\u00edses Bajos Studieverenigingen<\/p>\n","protected":false},"author":2,"featured_media":0,"parent":0,"menu_order":0,"comment_status":"closed","ping_status":"closed","template":"","meta":{"footnotes":""},"class_list":["post-95","page","type-page","status-publish","hentry"],"jetpack_sharing_enabled":true,"publishpress_future_action":{"enabled":false,"date":"2026-05-05 05:59:08","action":"change-status","newStatus":"draft","terms":[],"taxonomy":"","extraData":[]},"publishpress_future_workflow_manual_trigger":{"enabledWorkflows":[]},"post_mailing_queue_ids":[],"_links":{"self":[{"href":"https:\/\/platformspaans.nl\/index.php?rest_route=\/wp\/v2\/pages\/95","targetHints":{"allow":["GET"]}}],"collection":[{"href":"https:\/\/platformspaans.nl\/index.php?rest_route=\/wp\/v2\/pages"}],"about":[{"href":"https:\/\/platformspaans.nl\/index.php?rest_route=\/wp\/v2\/types\/page"}],"author":[{"embeddable":true,"href":"https:\/\/platformspaans.nl\/index.php?rest_route=\/wp\/v2\/users\/2"}],"replies":[{"embeddable":true,"href":"https:\/\/platformspaans.nl\/index.php?rest_route=%2Fwp%2Fv2%2Fcomments&post=95"}],"version-history":[{"count":6,"href":"https:\/\/platformspaans.nl\/index.php?rest_route=\/wp\/v2\/pages\/95\/revisions"}],"predecessor-version":[{"id":1385,"href":"https:\/\/platformspaans.nl\/index.php?rest_route=\/wp\/v2\/pages\/95\/revisions\/1385"}],"wp:attachment":[{"href":"https:\/\/platformspaans.nl\/index.php?rest_route=%2Fwp%2Fv2%2Fmedia&parent=95"}],"curies":[{"name":"wp","href":"https:\/\/api.w.org\/{rel}","templated":true}]}}